{"id":2,"date":"2024-11-19T11:22:55","date_gmt":"2024-11-19T16:22:55","guid":{"rendered":"https:\/\/cariboudistribution.fr\/?page_id=2"},"modified":"2025-06-18T12:52:41","modified_gmt":"2025-06-18T16:52:41","slug":"homepage","status":"publish","type":"page","link":"https:\/\/cariboudistribution.fr\/en\/","title":{"rendered":"Homepage"},"content":{"rendered":"<div data-elementor-type=\"wp-page\" data-elementor-id=\"2\" class=\"elementor elementor-2\" data-elementor-post-type=\"page\">\n\t\t\t\t<div data-particle_enable=\"false\" data-particle-mobile-disabled=\"false\" class=\"elementor-element elementor-element-13c5b7c e-flex e-con-boxed e-con e-parent\" data-id=\"13c5b7c\" data-element_type=\"container\">\n\t\t\t\t\t<div class=\"e-con-inner\">\n\t\t<div data-particle_enable=\"false\" data-particle-mobile-disabled=\"false\" class=\"elementor-element elementor-element-872113c e-con-full elementor-hidden-mobile e-flex e-con e-child\" data-id=\"872113c\" data-element_type=\"container\">\n\t\t\t\t<div class=\"elementor-element elementor-element-6c55a3c elementor-widget elementor-widget-image\" data-id=\"6c55a3c\" data-element_type=\"widget\" data-widget_type=\"image.default\">\n\t\t\t\t<div class=\"elementor-widget-container\">\n\t\t\t\t\t\t\t\t\t\t\t\t\t\t\t<img fetchpriority=\"high\" decoding=\"async\" width=\"788\" height=\"1024\" src=\"https:\/\/cariboudistribution.fr\/wp-content\/uploads\/2024\/11\/Caribou-Distribution-Sans-fond-e1732302469306-788x1024.png\" class=\"attachment-large size-large wp-image-21\" alt=\"\" srcset=\"https:\/\/cariboudistribution.fr\/wp-content\/uploads\/2024\/11\/Caribou-Distribution-Sans-fond-e1732302469306-788x1024.png 788w, https:\/\/cariboudistribution.fr\/wp-content\/uploads\/2024\/11\/Caribou-Distribution-Sans-fond-e1732302469306-600x779.png 600w, https:\/\/cariboudistribution.fr\/wp-content\/uploads\/2024\/11\/Caribou-Distribution-Sans-fond-e1732302469306-231x300.png 231w, https:\/\/cariboudistribution.fr\/wp-content\/uploads\/2024\/11\/Caribou-Distribution-Sans-fond-e1732302469306-768x998.png 768w, https:\/\/cariboudistribution.fr\/wp-content\/uploads\/2024\/11\/Caribou-Distribution-Sans-fond-e1732302469306-1182x1536.png 1182w, https:\/\/cariboudistribution.fr\/wp-content\/uploads\/2024\/11\/Caribou-Distribution-Sans-fond-e1732302469306-9x12.png 9w, https:\/\/cariboudistribution.fr\/wp-content\/uploads\/2024\/11\/Caribou-Distribution-Sans-fond-e1732302469306.png 1505w\" sizes=\"(max-width: 788px) 100vw, 788px\" \/>\t\t\t\t\t\t\t\t\t\t\t\t\t\t\t<\/div>\n\t\t\t\t<\/div>\n\t\t\t\t<\/div>\n\t\t<div data-particle_enable=\"false\" data-particle-mobile-disabled=\"false\" class=\"elementor-element elementor-element-edc7203 e-con-full e-flex e-con e-child\" data-id=\"edc7203\" data-element_type=\"container\">\n\t\t\t\t<div class=\"elementor-element elementor-element-1279546 elementor-widget elementor-widget-heading\" data-id=\"1279546\" data-element_type=\"widget\" data-widget_type=\"heading.default\">\n\t\t\t\t<div class=\"elementor-widget-container\">\n\t\t\t\t\t<h2 class=\"elementor-heading-title elementor-size-default\">Welcome to Caribou Distribution<\/h2>\t\t\t\t<\/div>\n\t\t\t\t<\/div>\n\t\t\t\t<div class=\"elementor-element elementor-element-434c4cb elementor-hidden-mobile elementor-widget elementor-widget-heading\" data-id=\"434c4cb\" data-element_type=\"widget\" data-widget_type=\"heading.default\">\n\t\t\t\t<div class=\"elementor-widget-container\">\n\t\t\t\t\t<h2 class=\"elementor-heading-title elementor-size-default translation-block\">Caribou Distribution is your exclusive distribution partner of high-end vaping products. We distinguish ourselves by our personalized approach, our competitive prices and our carefully selected products, customers and partners network.<\/h2>\t\t\t\t<\/div>\n\t\t\t\t<\/div>\n\t\t\t\t<div class=\"elementor-element elementor-element-6c22676 elementor-hidden-desktop elementor-hidden-tablet elementor-widget elementor-widget-heading\" data-id=\"6c22676\" data-element_type=\"widget\" data-widget_type=\"heading.default\">\n\t\t\t\t<div class=\"elementor-widget-container\">\n\t\t\t\t\t<h2 class=\"elementor-heading-title elementor-size-default translation-block\">Caribou Distribution is your exclusive distribution partner of high-end vaping products. We distinguish ourselves by our personalized approach, our competitive prices and our carefully selected products, customers and partners network.<\/h2>\t\t\t\t<\/div>\n\t\t\t\t<\/div>\n\t\t\t\t<div class=\"elementor-element elementor-element-f7948c8 elementor-hidden-mobile elementor-widget elementor-widget-heading\" data-id=\"f7948c8\" data-element_type=\"widget\" data-widget_type=\"heading.default\">\n\t\t\t\t<div class=\"elementor-widget-container\">\n\t\t\t\t\t<h2 class=\"elementor-heading-title elementor-size-default translation-block\">Our mission is to offer a unique and warm experience, where quality and exclusivity are at the heart of our commitments.<\/h2>\t\t\t\t<\/div>\n\t\t\t\t<\/div>\n\t\t\t\t<div class=\"elementor-element elementor-element-081b1b5 elementor-hidden-desktop elementor-hidden-tablet elementor-widget elementor-widget-heading\" data-id=\"081b1b5\" data-element_type=\"widget\" data-widget_type=\"heading.default\">\n\t\t\t\t<div class=\"elementor-widget-container\">\n\t\t\t\t\t<h2 class=\"elementor-heading-title elementor-size-default translation-block\">Our mission is to offer a unique and warm experience, where quality and exclusivity are at the heart of our commitments.<\/h2>\t\t\t\t<\/div>\n\t\t\t\t<\/div>\n\t\t\t\t<div class=\"elementor-element elementor-element-bcc0758 elementor-hidden-mobile elementor-widget elementor-widget-heading\" data-id=\"bcc0758\" data-element_type=\"widget\" data-widget_type=\"heading.default\">\n\t\t\t\t<div class=\"elementor-widget-container\">\n\t\t\t\t\t<h2 class=\"elementor-heading-title elementor-size-default translation-block\">By choosing Caribou Distribution, you are part of a privileged circle where quality, innovation and exclusivity are at the<br> heart of everything we do.<\/h2>\t\t\t\t<\/div>\n\t\t\t\t<\/div>\n\t\t\t\t<div class=\"elementor-element elementor-element-38dcfc5 elementor-hidden-desktop elementor-hidden-tablet elementor-widget elementor-widget-heading\" data-id=\"38dcfc5\" data-element_type=\"widget\" data-widget_type=\"heading.default\">\n\t\t\t\t<div class=\"elementor-widget-container\">\n\t\t\t\t\t<h2 class=\"elementor-heading-title elementor-size-default translation-block\">By choosing Caribou Distribution, you are part of a privileged circle where quality, innovation and exclusivity are at the<br> heart of everything we do.<\/h2>\t\t\t\t<\/div>\n\t\t\t\t<\/div>\n\t\t\t\t<div class=\"elementor-element elementor-element-08eb833 elementor-mobile-align-center elementor-widget elementor-widget-button\" data-id=\"08eb833\" data-element_type=\"widget\" data-widget_type=\"button.default\">\n\t\t\t\t<div class=\"elementor-widget-container\">\n\t\t\t\t\t\t\t\t\t<div class=\"elementor-button-wrapper\">\n\t\t\t\t\t<a class=\"elementor-button elementor-button-link elementor-size-sm elementor-animation-grow\" href=\"\/en\/contact\/\">\n\t\t\t\t\t\t<span class=\"elementor-button-content-wrapper\">\n\t\t\t\t\t\t<span class=\"elementor-button-icon\">\n\t\t\t\t<svg aria-hidden=\"true\" class=\"e-font-icon-svg e-fab-canadian-maple-leaf\" viewbox=\"0 0 512 512\" xmlns=\"http:\/\/www.w3.org\/2000\/svg\"><path d=\"M383.8 351.7c2.5-2.5 105.2-92.4 105.2-92.4l-17.5-7.5c-10-4.9-7.4-11.5-5-17.4 2.4-7.6 20.1-67.3 20.1-67.3s-47.7 10-57.7 12.5c-7.5 2.4-10-2.5-12.5-7.5s-15-32.4-15-32.4-52.6 59.9-55.1 62.3c-10 7.5-20.1 0-17.6-10 0-10 27.6-129.6 27.6-129.6s-30.1 17.4-40.1 22.4c-7.5 5-12.6 5-17.6-5C293.5 72.3 255.9 0 255.9 0s-37.5 72.3-42.5 79.8c-5 10-10 10-17.6 5-10-5-40.1-22.4-40.1-22.4S183.3 182 183.3 192c2.5 10-7.5 17.5-17.6 10-2.5-2.5-55.1-62.3-55.1-62.3S98.1 167 95.6 172s-5 9.9-12.5 7.5C73 177 25.4 167 25.4 167s17.6 59.7 20.1 67.3c2.4 6 5 12.5-5 17.4L23 259.3s102.6 89.9 105.2 92.4c5.1 5 10 7.5 5.1 22.5-5.1 15-10.1 35.1-10.1 35.1s95.2-20.1 105.3-22.6c8.7-.9 18.3 2.5 18.3 12.5S241 512 241 512h30s-5.8-102.7-5.8-112.8 9.5-13.4 18.4-12.5c10 2.5 105.2 22.6 105.2 22.6s-5-20.1-10-35.1 0-17.5 5-22.5z\"><\/path><\/svg>\t\t\t<\/span>\n\t\t\t\t\t\t\t\t\t<span class=\"elementor-button-text\">Contact Us<\/span>\n\t\t\t\t\t<\/span>\n\t\t\t\t\t<\/a>\n\t\t\t\t<\/div>\n\t\t\t\t\t\t\t\t<\/div>\n\t\t\t\t<\/div>\n\t\t\t\t<div class=\"elementor-element elementor-element-55b1868 elementor-hidden-desktop elementor-hidden-tablet elementor-widget elementor-widget-heading\" data-id=\"55b1868\" data-element_type=\"widget\" data-widget_type=\"heading.default\">\n\t\t\t\t<div class=\"elementor-widget-container\">\n\t\t\t\t\t<h2 class=\"elementor-heading-title elementor-size-default\">Discover excellence.<br> Check Out Caribou Distribution.<\/h2>\t\t\t\t<\/div>\n\t\t\t\t<\/div>\n\t\t\t\t<div class=\"elementor-element elementor-element-c4fe33b elementor-hidden-mobile elementor-widget elementor-widget-heading\" data-id=\"c4fe33b\" data-element_type=\"widget\" data-widget_type=\"heading.default\">\n\t\t\t\t<div class=\"elementor-widget-container\">\n\t\t\t\t\t<h2 class=\"elementor-heading-title elementor-size-default\">Discover excellence. Check Out Caribou Distribution.<\/h2>\t\t\t\t<\/div>\n\t\t\t\t<\/div>\n\t\t\t\t<\/div>\n\t\t\t\t\t<\/div>\n\t\t\t\t<\/div>\n\t\t<div data-particle_enable=\"false\" data-particle-mobile-disabled=\"false\" class=\"elementor-element elementor-element-340ea2f e-flex e-con-boxed e-con e-parent\" data-id=\"340ea2f\" data-element_type=\"container\" data-settings=\"{&quot;background_background&quot;:&quot;classic&quot;}\">\n\t\t\t\t\t<div class=\"e-con-inner\">\n\t\t<div data-particle_enable=\"false\" data-particle-mobile-disabled=\"false\" class=\"elementor-element elementor-element-b8f6320 e-con-full e-flex e-con e-child\" data-id=\"b8f6320\" data-element_type=\"container\">\n\t\t<div data-particle_enable=\"false\" data-particle-mobile-disabled=\"false\" class=\"elementor-element elementor-element-43bd054 e-con-full e-flex e-con e-child\" data-id=\"43bd054\" data-element_type=\"container\">\n\t\t\t\t<div class=\"elementor-element elementor-element-b228ca5 elementor-widget-divider--view-line elementor-widget elementor-widget-divider\" data-id=\"b228ca5\" data-element_type=\"widget\" data-widget_type=\"divider.default\">\n\t\t\t\t<div class=\"elementor-widget-container\">\n\t\t\t\t\t\t\t<div class=\"elementor-divider\">\n\t\t\t<span class=\"elementor-divider-separator\">\n\t\t\t\t\t\t<\/span>\n\t\t<\/div>\n\t\t\t\t\t\t<\/div>\n\t\t\t\t<\/div>\n\t\t\t\t<\/div>\n\t\t<div data-particle_enable=\"false\" data-particle-mobile-disabled=\"false\" class=\"elementor-element elementor-element-b0b592c e-con-full e-flex e-con e-child\" data-id=\"b0b592c\" data-element_type=\"container\">\n\t\t\t\t<div class=\"elementor-element elementor-element-e7c8412 elementor-widget elementor-widget-heading\" data-id=\"e7c8412\" data-element_type=\"widget\" data-widget_type=\"heading.default\">\n\t\t\t\t<div class=\"elementor-widget-container\">\n\t\t\t\t\t<h2 class=\"elementor-heading-title elementor-size-default\">CONTACT<\/h2>\t\t\t\t<\/div>\n\t\t\t\t<\/div>\n\t\t\t\t<\/div>\n\t\t<div data-particle_enable=\"false\" data-particle-mobile-disabled=\"false\" class=\"elementor-element elementor-element-da60dda e-con-full e-flex e-con e-child\" data-id=\"da60dda\" data-element_type=\"container\">\n\t\t\t\t<div class=\"elementor-element elementor-element-e7a9e9b elementor-widget-divider--view-line elementor-widget elementor-widget-divider\" data-id=\"e7a9e9b\" data-element_type=\"widget\" data-widget_type=\"divider.default\">\n\t\t\t\t<div class=\"elementor-widget-container\">\n\t\t\t\t\t\t\t<div class=\"elementor-divider\">\n\t\t\t<span class=\"elementor-divider-separator\">\n\t\t\t\t\t\t<\/span>\n\t\t<\/div>\n\t\t\t\t\t\t<\/div>\n\t\t\t\t<\/div>\n\t\t\t\t<\/div>\n\t\t\t\t<\/div>\n\t\t<div data-particle_enable=\"false\" data-particle-mobile-disabled=\"false\" class=\"elementor-element elementor-element-41bbe69 e-con-full e-flex e-con e-child\" data-id=\"41bbe69\" data-element_type=\"container\">\n\t\t<div data-particle_enable=\"false\" data-particle-mobile-disabled=\"false\" class=\"elementor-element elementor-element-61139d7 e-con-full e-flex e-con e-child\" data-id=\"61139d7\" data-element_type=\"container\">\n\t\t\t\t<div class=\"elementor-element elementor-element-0b49798 elementor-view-default elementor-widget elementor-widget-icon\" data-id=\"0b49798\" data-element_type=\"widget\" data-widget_type=\"icon.default\">\n\t\t\t\t<div class=\"elementor-widget-container\">\n\t\t\t\t\t\t\t<div class=\"elementor-icon-wrapper\">\n\t\t\t<div class=\"elementor-icon\">\n\t\t\t<svg aria-hidden=\"true\" class=\"e-font-icon-svg e-fas-envelope\" viewbox=\"0 0 512 512\" xmlns=\"http:\/\/www.w3.org\/2000\/svg\"><path d=\"M502.3 190.8c3.9-3.1 9.7-.2 9.7 4.7V400c0 26.5-21.5 48-48 48H48c-26.5 0-48-21.5-48-48V195.6c0-5 5.7-7.8 9.7-4.7 22.4 17.4 52.1 39.5 154.1 113.6 21.1 15.4 56.7 47.8 92.2 47.6 35.7.3 72-32.8 92.3-47.6 102-74.1 131.6-96.3 154-113.7zM256 320c23.2.4 56.6-29.2 73.4-41.4 132.7-96.3 142.8-104.7 173.4-128.7 5.8-4.5 9.2-11.5 9.2-18.9v-19c0-26.5-21.5-48-48-48H48C21.5 64 0 85.5 0 112v19c0 7.4 3.4 14.3 9.2 18.9 30.6 23.9 40.7 32.4 173.4 128.7 16.8 12.2 50.2 41.8 73.4 41.4z\"><\/path><\/svg>\t\t\t<\/div>\n\t\t<\/div>\n\t\t\t\t\t\t<\/div>\n\t\t\t\t<\/div>\n\t\t\t\t<div class=\"elementor-element elementor-element-70d99c3 contactLink elementor-widget elementor-widget-heading\" data-id=\"70d99c3\" data-element_type=\"widget\" data-widget_type=\"heading.default\">\n\t\t\t\t<div class=\"elementor-widget-container\">\n\t\t\t\t\t<h2 class=\"elementor-heading-title elementor-size-default\"><a href=\"mailto:info@cariboudistribution.fr\">info@cariboudistribution.fr<\/a><\/h2>\t\t\t\t<\/div>\n\t\t\t\t<\/div>\n\t\t\t\t<\/div>\n\t\t<div data-particle_enable=\"false\" data-particle-mobile-disabled=\"false\" class=\"elementor-element elementor-element-66ff95c e-con-full e-flex e-con e-child\" data-id=\"66ff95c\" data-element_type=\"container\">\n\t\t\t\t<div class=\"elementor-element elementor-element-f987943 elementor-view-default elementor-widget elementor-widget-icon\" data-id=\"f987943\" data-element_type=\"widget\" data-widget_type=\"icon.default\">\n\t\t\t\t<div class=\"elementor-widget-container\">\n\t\t\t\t\t\t\t<div class=\"elementor-icon-wrapper\">\n\t\t\t<div class=\"elementor-icon\">\n\t\t\t<i aria-hidden=\"true\" class=\"faregular- fa-regular-circle-phone\"><\/i>\t\t\t<\/div>\n\t\t<\/div>\n\t\t\t\t\t\t<\/div>\n\t\t\t\t<\/div>\n\t\t\t\t<div class=\"elementor-element elementor-element-eef4ded contactLink elementor-widget elementor-widget-heading\" data-id=\"eef4ded\" data-element_type=\"widget\" data-widget_type=\"heading.default\">\n\t\t\t\t<div class=\"elementor-widget-container\">\n\t\t\t\t\t<h2 class=\"elementor-heading-title elementor-size-default\"><a href=\"tel:+33665840979\">+33 6 65 84 09 79<\/a><\/h2>\t\t\t\t<\/div>\n\t\t\t\t<\/div>\n\t\t\t\t<\/div>\n\t\t<div data-particle_enable=\"false\" data-particle-mobile-disabled=\"false\" class=\"elementor-element elementor-element-ab84814 e-con-full e-flex e-con e-child\" data-id=\"ab84814\" data-element_type=\"container\">\n\t\t\t\t<div class=\"elementor-element elementor-element-dcc252d elementor-view-default elementor-widget elementor-widget-icon\" data-id=\"dcc252d\" data-element_type=\"widget\" data-widget_type=\"icon.default\">\n\t\t\t\t<div class=\"elementor-widget-container\">\n\t\t\t\t\t\t\t<div class=\"elementor-icon-wrapper\">\n\t\t\t<div class=\"elementor-icon\">\n\t\t\t<i aria-hidden=\"true\" class=\"icon icon-location-dot\"><\/i>\t\t\t<\/div>\n\t\t<\/div>\n\t\t\t\t\t\t<\/div>\n\t\t\t\t<\/div>\n\t\t\t\t<div class=\"elementor-element elementor-element-3413827 contactLink elementor-widget elementor-widget-heading\" data-id=\"3413827\" data-element_type=\"widget\" data-widget_type=\"heading.default\">\n\t\t\t\t<div class=\"elementor-widget-container\">\n\t\t\t\t\t<h2 class=\"elementor-heading-title elementor-size-default\"><a href=\"https:\/\/maps.app.goo.gl\/qiW2UrnzFpYpCf2Y9\">7 Quai de la Banqui\u00e8re<br>\n<small style=\"font-size:12px\">06730 Saint-Andr\u00e9-de-la-Roche, France<\/small><\/a>\n\n<\/h2>\t\t\t\t<\/div>\n\t\t\t\t<\/div>\n\t\t\t\t<\/div>\n\t\t\t\t<\/div>\n\t\t\t\t\t<\/div>\n\t\t\t\t<\/div>\n\t\t\t\t<\/div>","protected":false},"excerpt":{"rendered":"<p>Bienvenue chez Caribou Distribution Caribou Distribution est votre partenaire exclusif pour la distribution de produits de vapotage haut de gamme. Nous nous distinguons par notre approche personnalis\u00e9e, nos prix comp\u00e9titifs, et notre r\u00e9seau soigneusement s\u00e9lectionn\u00e9 de produits, clients et partenaires. Caribou Distribution est votre partenaire exclusif pour la distribution de produits de vapotage haut de [&hellip;]<\/p>","protected":false},"author":1,"featured_media":0,"parent":0,"menu_order":0,"comment_status":"closed","ping_status":"closed","template":"","meta":{"footnotes":""},"class_list":["post-2","page","type-page","status-publish","hentry"],"_links":{"self":[{"href":"https:\/\/cariboudistribution.fr\/en\/wp-json\/wp\/v2\/pages\/2","targetHints":{"allow":["GET"]}}],"collection":[{"href":"https:\/\/cariboudistribution.fr\/en\/wp-json\/wp\/v2\/pages"}],"about":[{"href":"https:\/\/cariboudistribution.fr\/en\/wp-json\/wp\/v2\/types\/page"}],"author":[{"embeddable":true,"href":"https:\/\/cariboudistribution.fr\/en\/wp-json\/wp\/v2\/users\/1"}],"replies":[{"embeddable":true,"href":"https:\/\/cariboudistribution.fr\/en\/wp-json\/wp\/v2\/comments?post=2"}],"version-history":[{"count":6,"href":"https:\/\/cariboudistribution.fr\/en\/wp-json\/wp\/v2\/pages\/2\/revisions"}],"predecessor-version":[{"id":847,"href":"https:\/\/cariboudistribution.fr\/en\/wp-json\/wp\/v2\/pages\/2\/revisions\/847"}],"wp:attachment":[{"href":"https:\/\/cariboudistribution.fr\/en\/wp-json\/wp\/v2\/media?parent=2"}],"curies":[{"name":"wp","href":"https:\/\/api.w.org\/{rel}","templated":true}]}}